{"id":19,"date":"2021-04-05T14:05:14","date_gmt":"2021-04-05T14:05:14","guid":{"rendered":"http:\/\/nachleben.net\/?page_id=19"},"modified":"2021-04-06T12:33:04","modified_gmt":"2021-04-06T12:33:04","slug":"kontakt","status":"publish","type":"page","link":"https:\/\/nachleben.net\/?page_id=19","title":{"rendered":"Kontakt"},"content":{"rendered":"\t\t<div data-elementor-type=\"wp-page\" data-elementor-id=\"19\" class=\"elementor elementor-19\" data-elementor-settings=\"[]\">\n\t\t\t\t\t\t\t<div class=\"elementor-section-wrap\">\n\t\t\t\t\t\t\t<section class=\"elementor-section elementor-top-section elementor-element elementor-element-af01780 elementor-section-boxed elementor-section-height-default elementor-section-height-default\" data-id=\"af01780\" data-element_type=\"section\">\n\t\t\t\t\t\t<div class=\"elementor-container elementor-column-gap-default\">\n\t\t\t\t\t<div class=\"elementor-column elementor-col-25 elementor-top-column elementor-element elementor-element-66a89e0\" data-id=\"66a89e0\" data-element_type=\"column\">\n\t\t\t<div class=\"elementor-widget-wrap elementor-element-populated\">\n\t\t\t\t\t\t\t\t<div class=\"elementor-element elementor-element-83015c3 elementor-widget elementor-widget-image\" data-id=\"83015c3\" data-element_type=\"widget\" data-widget_type=\"image.default\">\n\t\t\t\t<div class=\"elementor-widget-container\">\n\t\t\t\t\t<div class=\"elementor-image\">\n\t\t\t\t\t\t\t\t\t\t<img width=\"525\" height=\"225\" src=\"https:\/\/nachleben.net\/wp-content\/uploads\/2021\/04\/Logo_IngPa\u0308dtechBild_rgbTextUnten-1024x438.jpeg\" class=\"attachment-large size-large\" alt=\"\" loading=\"lazy\" srcset=\"https:\/\/nachleben.net\/wp-content\/uploads\/2021\/04\/Logo_IngPa\u0308dtechBild_rgbTextUnten-1024x438.jpeg 1024w, https:\/\/nachleben.net\/wp-content\/uploads\/2021\/04\/Logo_IngPa\u0308dtechBild_rgbTextUnten-300x128.jpeg 300w, https:\/\/nachleben.net\/wp-content\/uploads\/2021\/04\/Logo_IngPa\u0308dtechBild_rgbTextUnten-768x328.jpeg 768w, https:\/\/nachleben.net\/wp-content\/uploads\/2021\/04\/Logo_IngPa\u0308dtechBild_rgbTextUnten.jpeg 1280w\" sizes=\"100vw\" \/>\t\t\t\t\t\t\t\t\t\t\t<\/div>\n\t\t\t\t<\/div>\n\t\t\t\t<\/div>\n\t\t\t\t\t<\/div>\n\t\t<\/div>\n\t\t\t\t<div class=\"elementor-column elementor-col-25 elementor-top-column elementor-element elementor-element-b35917b\" data-id=\"b35917b\" data-element_type=\"column\">\n\t\t\t<div class=\"elementor-widget-wrap elementor-element-populated\">\n\t\t\t\t\t\t\t\t<div class=\"elementor-element elementor-element-345229c elementor-widget elementor-widget-image\" data-id=\"345229c\" data-element_type=\"widget\" data-widget_type=\"image.default\">\n\t\t\t\t<div class=\"elementor-widget-container\">\n\t\t\t\t\t<div class=\"elementor-image\">\n\t\t\t\t\t\t\t\t\t\t<img width=\"525\" height=\"213\" src=\"https:\/\/nachleben.net\/wp-content\/uploads\/2021\/04\/Professur-fu\u2560e\u0302r-Fachdidaktik-Gesundheits-Pflegewiss_2-1024x415.jpg\" class=\"attachment-large size-large\" alt=\"\" loading=\"lazy\" srcset=\"https:\/\/nachleben.net\/wp-content\/uploads\/2021\/04\/Professur-fu\u2560e\u0302r-Fachdidaktik-Gesundheits-Pflegewiss_2-1024x415.jpg 1024w, https:\/\/nachleben.net\/wp-content\/uploads\/2021\/04\/Professur-fu\u2560e\u0302r-Fachdidaktik-Gesundheits-Pflegewiss_2-300x121.jpg 300w, https:\/\/nachleben.net\/wp-content\/uploads\/2021\/04\/Professur-fu\u2560e\u0302r-Fachdidaktik-Gesundheits-Pflegewiss_2-768x311.jpg 768w, https:\/\/nachleben.net\/wp-content\/uploads\/2021\/04\/Professur-fu\u2560e\u0302r-Fachdidaktik-Gesundheits-Pflegewiss_2-1536x622.jpg 1536w, https:\/\/nachleben.net\/wp-content\/uploads\/2021\/04\/Professur-fu\u2560e\u0302r-Fachdidaktik-Gesundheits-Pflegewiss_2-2048x829.jpg 2048w\" sizes=\"100vw\" \/>\t\t\t\t\t\t\t\t\t\t\t<\/div>\n\t\t\t\t<\/div>\n\t\t\t\t<\/div>\n\t\t\t\t\t<\/div>\n\t\t<\/div>\n\t\t\t\t<div class=\"elementor-column elementor-col-25 elementor-top-column elementor-element elementor-element-35c1c20\" data-id=\"35c1c20\" data-element_type=\"column\">\n\t\t\t<div class=\"elementor-widget-wrap elementor-element-populated\">\n\t\t\t\t\t\t\t\t<div class=\"elementor-element elementor-element-c94fd45 elementor-widget elementor-widget-image\" data-id=\"c94fd45\" data-element_type=\"widget\" data-widget_type=\"image.default\">\n\t\t\t\t<div class=\"elementor-widget-container\">\n\t\t\t\t\t<div class=\"elementor-image\">\n\t\t\t\t\t\t\t\t\t\t<img width=\"300\" height=\"267\" src=\"https:\/\/nachleben.net\/wp-content\/uploads\/2021\/04\/Logo_HS_MD-SDL.svg-300x267.png\" class=\"attachment-medium size-medium\" alt=\"\" loading=\"lazy\" srcset=\"https:\/\/nachleben.net\/wp-content\/uploads\/2021\/04\/Logo_HS_MD-SDL.svg-300x267.png 300w, https:\/\/nachleben.net\/wp-content\/uploads\/2021\/04\/Logo_HS_MD-SDL.svg.png 595w\" sizes=\"100vw\" \/>\t\t\t\t\t\t\t\t\t\t\t<\/div>\n\t\t\t\t<\/div>\n\t\t\t\t<\/div>\n\t\t\t\t\t<\/div>\n\t\t<\/div>\n\t\t\t\t<div class=\"elementor-column elementor-col-25 elementor-top-column elementor-element elementor-element-1a9b8a8\" data-id=\"1a9b8a8\" data-element_type=\"column\">\n\t\t\t<div class=\"elementor-widget-wrap elementor-element-populated\">\n\t\t\t\t\t\t\t\t<div class=\"elementor-element elementor-element-b1c08cb elementor-widget elementor-widget-image\" data-id=\"b1c08cb\" data-element_type=\"widget\" data-widget_type=\"image.default\">\n\t\t\t\t<div class=\"elementor-widget-container\">\n\t\t\t\t\t<div class=\"elementor-image\">\n\t\t\t\t\t\t\t\t\t\t<img width=\"300\" height=\"239\" src=\"https:\/\/nachleben.net\/wp-content\/uploads\/2021\/04\/amg_neues_logo_rgb-300x239.jpg\" class=\"attachment-medium size-medium\" alt=\"\" loading=\"lazy\" srcset=\"https:\/\/nachleben.net\/wp-content\/uploads\/2021\/04\/amg_neues_logo_rgb-300x239.jpg 300w, https:\/\/nachleben.net\/wp-content\/uploads\/2021\/04\/amg_neues_logo_rgb.jpg 400w\" sizes=\"100vw\" \/>\t\t\t\t\t\t\t\t\t\t\t<\/div>\n\t\t\t\t<\/div>\n\t\t\t\t<\/div>\n\t\t\t\t\t<\/div>\n\t\t<\/div>\n\t\t\t\t\t\t\t<\/div>\n\t\t<\/section>\n\t\t\t\t<section class=\"elementor-section elementor-top-section elementor-element elementor-element-4eff1cb elementor-section-boxed elementor-section-height-default elementor-section-height-default\" data-id=\"4eff1cb\" data-element_type=\"section\">\n\t\t\t\t\t\t<div class=\"elementor-container elementor-column-gap-default\">\n\t\t\t\t\t<div class=\"elementor-column elementor-col-33 elementor-top-column elementor-element elementor-element-47d79b1\" data-id=\"47d79b1\" data-element_type=\"column\">\n\t\t\t<div class=\"elementor-widget-wrap elementor-element-populated\">\n\t\t\t\t\t\t\t\t<div class=\"elementor-element elementor-element-a40c283 elementor-widget elementor-widget-text-editor\" data-id=\"a40c283\" data-element_type=\"widget\" data-widget_type=\"text-editor.default\">\n\t\t\t\t<div class=\"elementor-widget-container\">\n\t\t\t\t\t<div class=\"elementor-text-editor elementor-clearfix\"><p><span style=\"font-family: helvetica; font-size: 8pt;\"><strong>Linda Vieback<br \/><a href=\"mailto:linda.vieback@ovgu.de\">linda.vieback@ovgu.de<\/a><br \/><\/strong><\/span><\/p><p><span style=\"font-size: 8pt;\"><span style=\"font-family: helvetica;\">Otto-Von-Guericke-Universit\u00e4t Magdeburg<br \/><\/span><\/span><span style=\"font-size: 8pt;\"><span style=\"font-family: helvetica;\">Professur f\u00fcr Ingenieurp\u00e4dagogik und\u00a0Technische Bildung<br \/><\/span><\/span><span style=\"font-family: helvetica; font-size: 8pt;\">Professur f\u00fcr Fachdidaktik Gesundheits-\u00a0und Pflegewissenschaften<\/span><span style=\"font-family: helvetica; font-size: 8pt;\"><br \/><\/span><span style=\"font-family: helvetica; font-size: 8pt;\">Fakult\u00e4t f\u00fcr Humanwissenschaften<br \/><\/span><span style=\"font-family: helvetica; font-size: 8pt;\">Zschokkestra\u00dfe 32<br \/><\/span><span style=\"font-family: helvetica; font-size: 8pt;\">39104 Magdeburg<\/span><\/p><\/div>\n\t\t\t\t<\/div>\n\t\t\t\t<\/div>\n\t\t\t\t\t<\/div>\n\t\t<\/div>\n\t\t\t\t<div class=\"elementor-column elementor-col-33 elementor-top-column elementor-element elementor-element-4f41811\" data-id=\"4f41811\" data-element_type=\"column\">\n\t\t\t<div class=\"elementor-widget-wrap elementor-element-populated\">\n\t\t\t\t\t\t\t\t<div class=\"elementor-element elementor-element-7a43d2a elementor-widget elementor-widget-text-editor\" data-id=\"7a43d2a\" data-element_type=\"widget\" data-widget_type=\"text-editor.default\">\n\t\t\t\t<div class=\"elementor-widget-container\">\n\t\t\t\t\t<div class=\"elementor-text-editor elementor-clearfix\"><p><span style=\"font-size: 8pt; font-family: helvetica;\"><strong>Lukas Folkens<\/strong><br \/><a href=\"mailto:lukas.folkens@h2.de\"><strong>lukas.folkens@h2.de<\/strong><\/a><br \/><\/span><\/p><p><span style=\"font-size: 8pt; font-family: helvetica;\">Hochschule Magdeburg-Stendal<br \/><\/span><span style=\"font-size: 8pt; font-family: helvetica;\">Professur f\u00fcr Wirtschaftsinformatik<br \/>Fachbereich Wirtschaft<br \/>Osterburgestra\u00dfe 35<br \/>39576 Stendal<\/span><\/p><\/div>\n\t\t\t\t<\/div>\n\t\t\t\t<\/div>\n\t\t\t\t\t<\/div>\n\t\t<\/div>\n\t\t\t\t<div class=\"elementor-column elementor-col-33 elementor-top-column elementor-element elementor-element-7f641ac\" data-id=\"7f641ac\" data-element_type=\"column\">\n\t\t\t<div class=\"elementor-widget-wrap elementor-element-populated\">\n\t\t\t\t\t\t\t\t<div class=\"elementor-element elementor-element-b95e83a elementor-widget elementor-widget-text-editor\" data-id=\"b95e83a\" data-element_type=\"widget\" data-widget_type=\"text-editor.default\">\n\t\t\t\t<div class=\"elementor-widget-container\">\n\t\t\t\t\t<div class=\"elementor-text-editor elementor-clearfix\"><div><strong><span style=\"font-size: 8pt; font-family: helvetica;\">Annett Kilbertus<\/span><\/strong><\/div><div><p><a href=\"mailto:annett.kilbertus@amg-sachsen-anhalt.de\" target=\"_blank\" rel=\"noopener\"><strong><span style=\"font-family: helvetica; font-size: 8pt;\">annett.kilbertus@amg-sachsen-anhalt.de<\/span><\/strong><\/a><\/p><p><span style=\"font-family: helvetica; font-size: 8pt;\">Agrarmarketinggesellschaft Sachsen-Anhalt mbH<br \/><\/span><span style=\"font-family: helvetica; font-size: 8pt;\">Steinigstra\u00dfe 9<br \/><\/span><span style=\"font-family: helvetica; font-size: 8pt;\">39108 Magdeburg<\/span><\/p><\/div><\/div>\n\t\t\t\t<\/div>\n\t\t\t\t<\/div>\n\t\t\t\t\t<\/div>\n\t\t<\/div>\n\t\t\t\t\t\t\t<\/div>\n\t\t<\/section>\n\t\t\t\t<section class=\"elementor-section elementor-top-section elementor-element elementor-element-efba38f elementor-section-boxed elementor-section-height-default elementor-section-height-default\" data-id=\"efba38f\" data-element_type=\"section\">\n\t\t\t\t\t\t<div class=\"elementor-container elementor-column-gap-default\">\n\t\t\t\t\t<div class=\"elementor-column elementor-col-100 elementor-top-column elementor-element elementor-element-cce70a4\" data-id=\"cce70a4\" data-element_type=\"column\">\n\t\t\t<div class=\"elementor-widget-wrap elementor-element-populated\">\n\t\t\t\t\t\t\t\t<section class=\"elementor-section elementor-inner-section elementor-element elementor-element-6db9466 elementor-section-boxed elementor-section-height-default elementor-section-height-default\" data-id=\"6db9466\" data-element_type=\"section\">\n\t\t\t\t\t\t<div class=\"elementor-container elementor-column-gap-default\">\n\t\t\t\t\t<div class=\"elementor-column elementor-col-50 elementor-inner-column elementor-element elementor-element-99e9a79\" data-id=\"99e9a79\" data-element_type=\"column\">\n\t\t\t<div class=\"elementor-widget-wrap elementor-element-populated\">\n\t\t\t\t\t\t\t\t<div class=\"elementor-element elementor-element-67770f5 elementor-widget elementor-widget-image\" data-id=\"67770f5\" data-element_type=\"widget\" data-widget_type=\"image.default\">\n\t\t\t\t<div class=\"elementor-widget-container\">\n\t\t\t\t\t<div class=\"elementor-image\">\n\t\t\t\t\t\t\t\t\t\t<img width=\"300\" height=\"244\" src=\"https:\/\/nachleben.net\/wp-content\/uploads\/2021\/04\/Twitter_bird_logo_2012.svg-300x244.png\" class=\"attachment-medium size-medium\" alt=\"\" loading=\"lazy\" srcset=\"https:\/\/nachleben.net\/wp-content\/uploads\/2021\/04\/Twitter_bird_logo_2012.svg-300x244.png 300w, https:\/\/nachleben.net\/wp-content\/uploads\/2021\/04\/Twitter_bird_logo_2012.svg-1024x833.png 1024w, https:\/\/nachleben.net\/wp-content\/uploads\/2021\/04\/Twitter_bird_logo_2012.svg-768x625.png 768w, https:\/\/nachleben.net\/wp-content\/uploads\/2021\/04\/Twitter_bird_logo_2012.svg.png 1200w\" sizes=\"100vw\" \/>\t\t\t\t\t\t\t\t\t\t\t<\/div>\n\t\t\t\t<\/div>\n\t\t\t\t<\/div>\n\t\t\t\t\t<\/div>\n\t\t<\/div>\n\t\t\t\t<div class=\"elementor-column elementor-col-50 elementor-inner-column elementor-element elementor-element-e453cb5\" data-id=\"e453cb5\" data-element_type=\"column\">\n\t\t\t<div class=\"elementor-widget-wrap elementor-element-populated\">\n\t\t\t\t\t\t\t\t<div class=\"elementor-element elementor-element-c95f3b1 elementor-widget elementor-widget-text-editor\" data-id=\"c95f3b1\" data-element_type=\"widget\" data-widget_type=\"text-editor.default\">\n\t\t\t\t<div class=\"elementor-widget-container\">\n\t\t\t\t\t<div class=\"elementor-text-editor elementor-clearfix\"><p><a href=\"https:\/\/twitter.com\/lebennach\" target=\"_blank\" rel=\"noopener\"><span style=\"font-family: helvetica;\">@LebenNach<\/span><\/a><\/p><\/div>\n\t\t\t\t<\/div>\n\t\t\t\t<\/div>\n\t\t\t\t\t<\/div>\n\t\t<\/div>\n\t\t\t\t\t\t\t<\/div>\n\t\t<\/section>\n\t\t\t\t<section class=\"elementor-section elementor-inner-section elementor-element elementor-element-a57f898 elementor-section-boxed elementor-section-height-default elementor-section-height-default\" data-id=\"a57f898\" data-element_type=\"section\">\n\t\t\t\t\t\t<div class=\"elementor-container elementor-column-gap-default\">\n\t\t\t\t\t<div class=\"elementor-column elementor-col-50 elementor-inner-column elementor-element elementor-element-e14c259\" data-id=\"e14c259\" data-element_type=\"column\">\n\t\t\t<div class=\"elementor-widget-wrap elementor-element-populated\">\n\t\t\t\t\t\t\t\t<div class=\"elementor-element elementor-element-5367567 elementor-widget elementor-widget-image\" data-id=\"5367567\" data-element_type=\"widget\" data-widget_type=\"image.default\">\n\t\t\t\t<div class=\"elementor-widget-container\">\n\t\t\t\t\t<div class=\"elementor-image\">\n\t\t\t\t\t\t\t\t\t\t<img width=\"300\" height=\"300\" src=\"https:\/\/nachleben.net\/wp-content\/uploads\/2021\/04\/facebook-icon-logo-C61047A9E7-seeklogo.com_-300x300.png\" class=\"attachment-medium size-medium\" alt=\"\" loading=\"lazy\" srcset=\"https:\/\/nachleben.net\/wp-content\/uploads\/2021\/04\/facebook-icon-logo-C61047A9E7-seeklogo.com_.png 300w, https:\/\/nachleben.net\/wp-content\/uploads\/2021\/04\/facebook-icon-logo-C61047A9E7-seeklogo.com_-150x150.png 150w, https:\/\/nachleben.net\/wp-content\/uploads\/2021\/04\/facebook-icon-logo-C61047A9E7-seeklogo.com_-100x100.png 100w\" sizes=\"100vw\" \/>\t\t\t\t\t\t\t\t\t\t\t<\/div>\n\t\t\t\t<\/div>\n\t\t\t\t<\/div>\n\t\t\t\t\t<\/div>\n\t\t<\/div>\n\t\t\t\t<div class=\"elementor-column elementor-col-50 elementor-inner-column elementor-element elementor-element-f9493f7\" data-id=\"f9493f7\" data-element_type=\"column\">\n\t\t\t<div class=\"elementor-widget-wrap elementor-element-populated\">\n\t\t\t\t\t\t\t\t<div class=\"elementor-element elementor-element-deff2a7 elementor-widget elementor-widget-text-editor\" data-id=\"deff2a7\" data-element_type=\"widget\" data-widget_type=\"text-editor.default\">\n\t\t\t\t<div class=\"elementor-widget-container\">\n\t\t\t\t\t<div class=\"elementor-text-editor elementor-clearfix\"><p><a href=\"https:\/\/www.facebook.com\/NachhaltigkeitInDenLebensmittelberufen\/\" target=\"_blank\" rel=\"noopener\"><span style=\"font-family: helvetica;\">@NachhaltigkeitInDenLebensmittelberufen<\/span><\/a><\/p><\/div>\n\t\t\t\t<\/div>\n\t\t\t\t<\/div>\n\t\t\t\t\t<\/div>\n\t\t<\/div>\n\t\t\t\t\t\t\t<\/div>\n\t\t<\/section>\n\t\t\t\t<div class=\"elementor-element elementor-element-c6e0947 elementor-widget elementor-widget-text-editor\" data-id=\"c6e0947\" data-element_type=\"widget\" data-widget_type=\"text-editor.default\">\n\t\t\t\t<div class=\"elementor-widget-container\">\n\t\t\t\t\t<div class=\"elementor-text-editor elementor-clearfix\"><\/div>\n\t\t\t\t<\/div>\n\t\t\t\t<\/div>\n\t\t\t\t<div class=\"elementor-element elementor-element-e749a7e elementor-widget elementor-widget-text-editor\" data-id=\"e749a7e\" data-element_type=\"widget\" data-widget_type=\"text-editor.default\">\n\t\t\t\t<div class=\"elementor-widget-container\">\n\t\t\t\t\t<div class=\"elementor-text-editor elementor-clearfix\"><\/div>\n\t\t\t\t<\/div>\n\t\t\t\t<\/div>\n\t\t\t\t\t<\/div>\n\t\t<\/div>\n\t\t\t\t\t\t\t<\/div>\n\t\t<\/section>\n\t\t\t\t\t\t<\/div>\n\t\t\t\t\t<\/div>\n\t\t","protected":false},"excerpt":{"rendered":"<p>Linda Viebacklinda.vieback@ovgu.de Otto-Von-Guericke-Universit\u00e4t MagdeburgProfessur f\u00fcr Ingenieurp\u00e4dagogik und\u00a0Technische BildungProfessur f\u00fcr Fachdidaktik Gesundheits-\u00a0und PflegewissenschaftenFakult\u00e4t f\u00fcr HumanwissenschaftenZschokkestra\u00dfe 3239104 Magdeburg Lukas Folkenslukas.folkens@h2.de Hochschule Magdeburg-StendalProfessur f\u00fcr WirtschaftsinformatikFachbereich WirtschaftOsterburgestra\u00dfe 3539576 Stendal Annett Kilbertus annett.kilbertus@amg-sachsen-anhalt.de Agrarmarketinggesellschaft Sachsen-Anhalt mbHSteinigstra\u00dfe 939108 Magdeburg @LebenNach @NachhaltigkeitInDenLebensmittelberufen<\/p>\n","protected":false},"author":3,"featured_media":0,"parent":0,"menu_order":0,"comment_status":"closed","ping_status":"closed","template":"","meta":[],"_links":{"self":[{"href":"https:\/\/nachleben.net\/index.php?rest_route=\/wp\/v2\/pages\/19"}],"collection":[{"href":"https:\/\/nachleben.net\/index.php?rest_route=\/wp\/v2\/pages"}],"about":[{"href":"https:\/\/nachleben.net\/index.php?rest_route=\/wp\/v2\/types\/page"}],"author":[{"embeddable":true,"href":"https:\/\/nachleben.net\/index.php?rest_route=\/wp\/v2\/users\/3"}],"replies":[{"embeddable":true,"href":"https:\/\/nachleben.net\/index.php?rest_route=%2Fwp%2Fv2%2Fcomments&post=19"}],"version-history":[{"count":16,"href":"https:\/\/nachleben.net\/index.php?rest_route=\/wp\/v2\/pages\/19\/revisions"}],"predecessor-version":[{"id":295,"href":"https:\/\/nachleben.net\/index.php?rest_route=\/wp\/v2\/pages\/19\/revisions\/295"}],"wp:attachment":[{"href":"https:\/\/nachleben.net\/index.php?rest_route=%2Fwp%2Fv2%2Fmedia&parent=19"}],"curies":[{"name":"wp","href":"https:\/\/api.w.org\/{rel}","templated":true}]}}