{"id":16,"date":"2021-04-05T14:05:14","date_gmt":"2021-04-05T14:05:14","guid":{"rendered":"http:\/\/nachleben.net\/?page_id=16"},"modified":"2022-02-28T12:00:51","modified_gmt":"2022-02-28T12:00:51","slug":"lehr-lernmaterialien","status":"publish","type":"page","link":"https:\/\/nachleben.net\/?page_id=16","title":{"rendered":"Lehr- Lernmaterialien"},"content":{"rendered":"\t\t<div data-elementor-type=\"wp-page\" data-elementor-id=\"16\" class=\"elementor elementor-16\" data-elementor-settings=\"[]\">\n\t\t\t\t\t\t\t<div class=\"elementor-section-wrap\">\n\t\t\t\t\t\t\t<section class=\"elementor-section elementor-top-section elementor-element elementor-element-51be4b10 elementor-section-boxed elementor-section-height-default elementor-section-height-default\" data-id=\"51be4b10\" data-element_type=\"section\">\n\t\t\t\t\t\t<div class=\"elementor-container elementor-column-gap-default\">\n\t\t\t\t\t<div class=\"elementor-column elementor-col-50 elementor-top-column elementor-element elementor-element-17dca65c\" data-id=\"17dca65c\" data-element_type=\"column\">\n\t\t\t<div class=\"elementor-widget-wrap elementor-element-populated\">\n\t\t\t\t\t\t\t\t<div class=\"elementor-element elementor-element-1dff9726 elementor-widget__width-initial elementor-widget elementor-widget-text-editor\" data-id=\"1dff9726\" data-element_type=\"widget\" data-widget_type=\"text-editor.default\">\n\t\t\t\t<div class=\"elementor-widget-container\">\n\t\t\t\t\t<div class=\"elementor-text-editor elementor-clearfix\"><p><span style=\"color: #000000; font-family: helvetica; font-size: x-large;\"><span style=\"caret-color: #000000;\">\u00dcbersicht der Module<\/span><\/span><\/p><p><span style=\"color: var( --e-global-color-text ); font-family: var( --e-global-typography-text-font-family ), Sans-serif; font-size: small;\">Im Ergebnis des BIBB-Modellversuchs &#8222;NachLeben&#8220; entstanden\u00a0praxisbezogene, situierte, kurzzyklische sowie modularisierte Lehr-Lernarrangements (Module und Submodule), welche sowohl online auf der Lehr-Lernplattform &#8222;CoSiTo&#8220;, als auch in Form von Modulheften (inkl.\u00a0<\/span><span style=\"color: var( --e-global-color-text ); font-family: var( --e-global-typography-text-font-family ), Sans-serif; font-size: small;\">Beschreibung des Moduls, Kompetenzbereiche, Makroplanung, Arbeitsbl\u00e4tter, Beispiell\u00f6sungen) f\u00fcr jedes Lehr-Lernarrangement zur Verf\u00fcgung stehen. Die Grundstruktur der Lehr-Lernarrangements ist f\u00fcr alle betrachteten Ausbildungsberufe gleich. Die Module untergliedern sich in berufsspezifische Rohstoffmodule und berufs\u00fcbergreifende Module zum Thema\u00a0Engerer und Verpackung. Weiterhin entstand im Rahmen der Modellversuchsarbeit ein Begleitheft f\u00fcr das Ausbildungspersonal.<\/span><\/p><\/div>\n\t\t\t\t<\/div>\n\t\t\t\t<\/div>\n\t\t\t\t\t<\/div>\n\t\t<\/div>\n\t\t\t\t<div class=\"elementor-column elementor-col-50 elementor-top-column elementor-element elementor-element-6b224c7d\" data-id=\"6b224c7d\" data-element_type=\"column\">\n\t\t\t<div class=\"elementor-widget-wrap elementor-element-populated\">\n\t\t\t\t\t\t\t\t<div class=\"elementor-element elementor-element-402e1e48 elementor-absolute elementor-widget elementor-widget-image\" data-id=\"402e1e48\" data-element_type=\"widget\" data-settings=\"{&quot;_position&quot;:&quot;absolute&quot;}\" data-widget_type=\"image.default\">\n\t\t\t\t<div class=\"elementor-widget-container\">\n\t\t\t\t\t<div class=\"elementor-image\">\n\t\t\t\t\t\t\t\t\t\t<img width=\"525\" height=\"264\" src=\"https:\/\/nachleben.net\/wp-content\/uploads\/2022\/02\/Abbildung_4-1024x515.png\" class=\"attachment-large size-large\" alt=\"\" loading=\"lazy\" srcset=\"https:\/\/nachleben.net\/wp-content\/uploads\/2022\/02\/Abbildung_4-1024x515.png 1024w, https:\/\/nachleben.net\/wp-content\/uploads\/2022\/02\/Abbildung_4-300x151.png 300w, https:\/\/nachleben.net\/wp-content\/uploads\/2022\/02\/Abbildung_4-768x386.png 768w, https:\/\/nachleben.net\/wp-content\/uploads\/2022\/02\/Abbildung_4.png 1470w\" sizes=\"100vw\" \/>\t\t\t\t\t\t\t\t\t\t\t<\/div>\n\t\t\t\t<\/div>\n\t\t\t\t<\/div>\n\t\t\t\t\t<\/div>\n\t\t<\/div>\n\t\t\t\t\t\t\t<\/div>\n\t\t<\/section>\n\t\t\t\t<section class=\"elementor-section elementor-top-section elementor-element elementor-element-7d19aaf elementor-section-boxed elementor-section-height-default elementor-section-height-default\" data-id=\"7d19aaf\" data-element_type=\"section\">\n\t\t\t\t\t\t<div class=\"elementor-container elementor-column-gap-default\">\n\t\t\t\t\t<div class=\"elementor-column elementor-col-50 elementor-top-column elementor-element elementor-element-8db278e\" data-id=\"8db278e\" data-element_type=\"column\">\n\t\t\t<div class=\"elementor-widget-wrap elementor-element-populated\">\n\t\t\t\t\t\t\t\t<div class=\"elementor-element elementor-element-93f35a8 elementor-widget elementor-widget-text-editor\" data-id=\"93f35a8\" data-element_type=\"widget\" data-widget_type=\"text-editor.default\">\n\t\t\t\t<div class=\"elementor-widget-container\">\n\t\t\t\t\t<div class=\"elementor-text-editor elementor-clearfix\"><p><span style=\"font-family: helvetica; font-size: 14pt; color: #000000;\">\u00a0<\/span><\/p><p><span style=\"color: #000000; font-family: helvetica; font-size: 14pt;\">S\u00fc\u00dfwarentechnolog*in<\/span><\/p><p><span style=\"font-family: helvetica; font-size: small;\">Hier geht es zu den Modulen auf der Lehr-Lernplattform &#8222;<a href=\"http:\/\/www.nachleben.cosito.net\">CoSiTo<\/a>&#8220;\u00a0<\/span><span style=\"font-family: helvetica; font-size: small;\"><span style=\"color: var( --e-global-color-text );\">Hier stehen die Arbeitshefte zu den Rohstoffmodulen, den \u00fcbergreifenden Modulen: nachhaltiges und\u00a0<\/span>zukunftsf\u00e4higes<span style=\"color: var( --e-global-color-text );\">\u00a0<\/span>Denken<span style=\"color: var( --e-global-color-text );\">\u00a0und Handeln, Energie sowie Verpackung im Produktionsprozess und zum Begleitheft f\u00fcr das Ausbildungspersonal: <a href=\"http:\/\/open-science.ub.ovgu.de\/xmlui\/discover?scope=%2F&amp;query=vieback&amp;submit=\">Download<\/a>\u00a0<\/span><\/span><\/p><\/div>\n\t\t\t\t<\/div>\n\t\t\t\t<\/div>\n\t\t\t\t\t<\/div>\n\t\t<\/div>\n\t\t\t\t<div class=\"elementor-column elementor-col-50 elementor-top-column elementor-element elementor-element-d213e36\" data-id=\"d213e36\" data-element_type=\"column\">\n\t\t\t<div class=\"elementor-widget-wrap elementor-element-populated\">\n\t\t\t\t\t\t\t\t<div class=\"elementor-element elementor-element-be24bf4 elementor-widget elementor-widget-image\" data-id=\"be24bf4\" data-element_type=\"widget\" data-widget_type=\"image.default\">\n\t\t\t\t<div class=\"elementor-widget-container\">\n\t\t\t\t\t<div class=\"elementor-image\">\n\t\t\t\t\t\t\t\t\t\t<img width=\"241\" height=\"300\" src=\"https:\/\/nachleben.net\/wp-content\/uploads\/2021\/04\/Element-4@4x-241x300.png\" class=\"attachment-medium size-medium\" alt=\"\" loading=\"lazy\" srcset=\"https:\/\/nachleben.net\/wp-content\/uploads\/2021\/04\/Element-4@4x-241x300.png 241w, https:\/\/nachleben.net\/wp-content\/uploads\/2021\/04\/Element-4@4x-821x1024.png 821w, https:\/\/nachleben.net\/wp-content\/uploads\/2021\/04\/Element-4@4x-768x958.png 768w, https:\/\/nachleben.net\/wp-content\/uploads\/2021\/04\/Element-4@4x-1231x1536.png 1231w, https:\/\/nachleben.net\/wp-content\/uploads\/2021\/04\/Element-4@4x.png 1488w\" sizes=\"100vw\" \/>\t\t\t\t\t\t\t\t\t\t\t<\/div>\n\t\t\t\t<\/div>\n\t\t\t\t<\/div>\n\t\t\t\t\t<\/div>\n\t\t<\/div>\n\t\t\t\t\t\t\t<\/div>\n\t\t<\/section>\n\t\t\t\t<section class=\"elementor-section elementor-top-section elementor-element elementor-element-a15411b elementor-section-boxed elementor-section-height-default elementor-section-height-default\" data-id=\"a15411b\" data-element_type=\"section\">\n\t\t\t\t\t\t<div class=\"elementor-container elementor-column-gap-default\">\n\t\t\t\t\t<div class=\"elementor-column elementor-col-50 elementor-top-column elementor-element elementor-element-69e6a5a\" data-id=\"69e6a5a\" data-element_type=\"column\">\n\t\t\t<div class=\"elementor-widget-wrap elementor-element-populated\">\n\t\t\t\t\t\t\t\t<div class=\"elementor-element elementor-element-7ede0af elementor-widget elementor-widget-text-editor\" data-id=\"7ede0af\" data-element_type=\"widget\" data-widget_type=\"text-editor.default\">\n\t\t\t\t<div class=\"elementor-widget-container\">\n\t\t\t\t\t<div class=\"elementor-text-editor elementor-clearfix\"><p><span style=\"font-size: 14pt; color: #000000;\">\u00a0<\/span><\/p><p><span style=\"font-size: 14pt; color: #000000;\">Fachkraft f\u00fcr Lebensmitteltechnik<\/span><\/p><p><span style=\"font-family: helvetica; font-size: small;\">Hier geht es zu den Modulen auf der Lehr-Lernplattform &#8222;<a href=\"http:\/\/www.nachleben.cosito.net\">CoSiTo<\/a>&#8220;\u00a0<\/span><span style=\"font-family: helvetica; font-size: small;\"><span style=\"color: var( --e-global-color-text );\">Hier stehen die Arbeitshefte zu den Rohstoffmodulen, den \u00fcbergreifenden Modulen: nachhaltiges und\u00a0<\/span>zukunftsf\u00e4higes<span style=\"color: var( --e-global-color-text );\">\u00a0<\/span>Denken<span style=\"color: var( --e-global-color-text );\">\u00a0und Handeln, Energie sowie Verpackung im Produktionsprozess und zum Begleitheft f\u00fcr das Ausbildungspersonal: <a href=\"http:\/\/open-science.ub.ovgu.de\/xmlui\/discover?scope=%2F&amp;query=vieback&amp;submit=\">Download<\/a>\u00a0<\/span><\/span><\/p><\/div>\n\t\t\t\t<\/div>\n\t\t\t\t<\/div>\n\t\t\t\t\t<\/div>\n\t\t<\/div>\n\t\t\t\t<div class=\"elementor-column elementor-col-50 elementor-top-column elementor-element elementor-element-27e8c5d\" data-id=\"27e8c5d\" data-element_type=\"column\">\n\t\t\t<div class=\"elementor-widget-wrap elementor-element-populated\">\n\t\t\t\t\t\t\t\t<div class=\"elementor-element elementor-element-3921c6e elementor-widget elementor-widget-image\" data-id=\"3921c6e\" data-element_type=\"widget\" data-widget_type=\"image.default\">\n\t\t\t\t<div class=\"elementor-widget-container\">\n\t\t\t\t\t<div class=\"elementor-image\">\n\t\t\t\t\t\t\t\t\t\t<img width=\"241\" height=\"300\" src=\"https:\/\/nachleben.net\/wp-content\/uploads\/2021\/04\/Element-5@4x-241x300.png\" class=\"attachment-medium size-medium\" alt=\"\" loading=\"lazy\" srcset=\"https:\/\/nachleben.net\/wp-content\/uploads\/2021\/04\/Element-5@4x-241x300.png 241w, https:\/\/nachleben.net\/wp-content\/uploads\/2021\/04\/Element-5@4x-821x1024.png 821w, https:\/\/nachleben.net\/wp-content\/uploads\/2021\/04\/Element-5@4x-768x958.png 768w, https:\/\/nachleben.net\/wp-content\/uploads\/2021\/04\/Element-5@4x-1231x1536.png 1231w, https:\/\/nachleben.net\/wp-content\/uploads\/2021\/04\/Element-5@4x.png 1488w\" sizes=\"100vw\" \/>\t\t\t\t\t\t\t\t\t\t\t<\/div>\n\t\t\t\t<\/div>\n\t\t\t\t<\/div>\n\t\t\t\t\t<\/div>\n\t\t<\/div>\n\t\t\t\t\t\t\t<\/div>\n\t\t<\/section>\n\t\t\t\t<section class=\"elementor-section elementor-top-section elementor-element elementor-element-cd2c3e7 elementor-section-boxed elementor-section-height-default elementor-section-height-default\" data-id=\"cd2c3e7\" data-element_type=\"section\">\n\t\t\t\t\t\t<div class=\"elementor-container elementor-column-gap-default\">\n\t\t\t\t\t<div class=\"elementor-column elementor-col-50 elementor-top-column elementor-element elementor-element-ffe8f49\" data-id=\"ffe8f49\" data-element_type=\"column\">\n\t\t\t<div class=\"elementor-widget-wrap elementor-element-populated\">\n\t\t\t\t\t\t\t\t<div class=\"elementor-element elementor-element-0e9256d elementor-widget elementor-widget-text-editor\" data-id=\"0e9256d\" data-element_type=\"widget\" data-widget_type=\"text-editor.default\">\n\t\t\t\t<div class=\"elementor-widget-container\">\n\t\t\t\t\t<div class=\"elementor-text-editor elementor-clearfix\"><p><span style=\"font-family: helvetica; font-size: 14pt; color: #000000;\">\u00a0<\/span><\/p><p><span style=\"font-family: helvetica; font-size: 14pt; color: #000000;\">Destillateur*in<\/span><\/p><p><span style=\"font-family: helvetica; font-size: small;\">Hier geht es zu den Modulen auf der Lehr-Lernplattform &#8222;<a href=\"http:\/\/www.nachleben.cosito.net\">CoSiTo<\/a>&#8220;\u00a0<\/span><span style=\"font-family: helvetica; font-size: small;\"><span style=\"color: var( --e-global-color-text );\">Hier stehen die Arbeitshefte zu den Rohstoffmodulen, den \u00fcbergreifenden Modulen: nachhaltiges und\u00a0<\/span>zukunftsf\u00e4higes<span style=\"color: var( --e-global-color-text );\">\u00a0<\/span>Denken<span style=\"color: var( --e-global-color-text );\">\u00a0und Handeln, Energie sowie Verpackung im Produktionsprozess und zum Begleitheft f\u00fcr das Ausbildungspersonal: <a href=\"http:\/\/open-science.ub.ovgu.de\/xmlui\/discover?scope=%2F&amp;query=vieback&amp;submit=\">Download<\/a>\u00a0<\/span><\/span><\/p><p style=\"margin-bottom: 0px; counter-reset: list-1 0 list-2 0 list-3 0 list-4 0 list-5 0 list-6 0 list-7 0 list-8 0 list-9 0;\"><span style=\"font-family: helvetica; font-size: 10pt;\">\u00a0<\/span><\/p><\/div>\n\t\t\t\t<\/div>\n\t\t\t\t<\/div>\n\t\t\t\t\t<\/div>\n\t\t<\/div>\n\t\t\t\t<div class=\"elementor-column elementor-col-50 elementor-top-column elementor-element elementor-element-9d1ffd5\" data-id=\"9d1ffd5\" data-element_type=\"column\">\n\t\t\t<div class=\"elementor-widget-wrap elementor-element-populated\">\n\t\t\t\t\t\t\t\t<div class=\"elementor-element elementor-element-fe13a38 elementor-widget elementor-widget-image\" data-id=\"fe13a38\" data-element_type=\"widget\" data-widget_type=\"image.default\">\n\t\t\t\t<div class=\"elementor-widget-container\">\n\t\t\t\t\t<div class=\"elementor-image\">\n\t\t\t\t\t\t\t\t\t\t<img width=\"241\" height=\"300\" src=\"https:\/\/nachleben.net\/wp-content\/uploads\/2021\/04\/Element-3@4x-241x300.png\" class=\"attachment-medium size-medium\" alt=\"\" loading=\"lazy\" srcset=\"https:\/\/nachleben.net\/wp-content\/uploads\/2021\/04\/Element-3@4x-241x300.png 241w, https:\/\/nachleben.net\/wp-content\/uploads\/2021\/04\/Element-3@4x-821x1024.png 821w, https:\/\/nachleben.net\/wp-content\/uploads\/2021\/04\/Element-3@4x-768x958.png 768w, https:\/\/nachleben.net\/wp-content\/uploads\/2021\/04\/Element-3@4x-1231x1536.png 1231w, https:\/\/nachleben.net\/wp-content\/uploads\/2021\/04\/Element-3@4x.png 1488w\" sizes=\"100vw\" \/>\t\t\t\t\t\t\t\t\t\t\t<\/div>\n\t\t\t\t<\/div>\n\t\t\t\t<\/div>\n\t\t\t\t\t<\/div>\n\t\t<\/div>\n\t\t\t\t\t\t\t<\/div>\n\t\t<\/section>\n\t\t\t\t<section class=\"elementor-section elementor-top-section elementor-element elementor-element-e60f480 elementor-section-boxed elementor-section-height-default elementor-section-height-default\" data-id=\"e60f480\" data-element_type=\"section\">\n\t\t\t\t\t\t<div class=\"elementor-container elementor-column-gap-default\">\n\t\t\t\t\t<div class=\"elementor-column elementor-col-50 elementor-top-column elementor-element elementor-element-395c216\" data-id=\"395c216\" data-element_type=\"column\">\n\t\t\t<div class=\"elementor-widget-wrap elementor-element-populated\">\n\t\t\t\t\t\t\t\t<div class=\"elementor-element elementor-element-b59b6cd elementor-widget elementor-widget-text-editor\" data-id=\"b59b6cd\" data-element_type=\"widget\" data-widget_type=\"text-editor.default\">\n\t\t\t\t<div class=\"elementor-widget-container\">\n\t\t\t\t\t<div class=\"elementor-text-editor elementor-clearfix\"><p><span style=\"font-family: helvetica; font-size: 14pt; color: #000000;\">\u00a0<\/span><\/p><p><span style=\"font-family: helvetica; font-size: 14pt; color: #000000;\">Weintechnolog*in<\/span><\/p><p><span style=\"font-family: helvetica; font-size: small;\">Hier geht es zu den Modulen auf der Lehr-Lernplattform &#8222;<a href=\"http:\/\/www.nachleben.cosito.net\">CoSiTo<\/a>&#8220;\u00a0<\/span><span style=\"font-family: helvetica; font-size: small;\"><span style=\"color: var( --e-global-color-text );\">Hier stehen die Arbeitshefte zu den Rohstoffmodulen, den \u00fcbergreifenden Modulen: nachhaltiges und\u00a0<\/span>zukunftsf\u00e4higes<span style=\"color: var( --e-global-color-text );\">\u00a0<\/span>Denken<span style=\"color: var( --e-global-color-text );\">\u00a0und Handeln, Energie sowie Verpackung im Produktionsprozess und zum Begleitheft f\u00fcr das Ausbildungspersonal: <a href=\"http:\/\/open-science.ub.ovgu.de\/xmlui\/discover?scope=%2F&amp;query=vieback&amp;submit=\">Download<\/a>\u00a0<\/span><\/span><\/p><\/div>\n\t\t\t\t<\/div>\n\t\t\t\t<\/div>\n\t\t\t\t\t<\/div>\n\t\t<\/div>\n\t\t\t\t<div class=\"elementor-column elementor-col-50 elementor-top-column elementor-element elementor-element-bf6004c\" data-id=\"bf6004c\" data-element_type=\"column\">\n\t\t\t<div class=\"elementor-widget-wrap elementor-element-populated\">\n\t\t\t\t\t\t\t\t<div class=\"elementor-element elementor-element-e30c126 elementor-widget elementor-widget-image\" data-id=\"e30c126\" data-element_type=\"widget\" data-widget_type=\"image.default\">\n\t\t\t\t<div class=\"elementor-widget-container\">\n\t\t\t\t\t<div class=\"elementor-image\">\n\t\t\t\t\t\t\t\t\t\t<img width=\"241\" height=\"300\" src=\"https:\/\/nachleben.net\/wp-content\/uploads\/2021\/04\/Element-2@4x-241x300.png\" class=\"attachment-medium size-medium\" alt=\"\" loading=\"lazy\" srcset=\"https:\/\/nachleben.net\/wp-content\/uploads\/2021\/04\/Element-2@4x-241x300.png 241w, https:\/\/nachleben.net\/wp-content\/uploads\/2021\/04\/Element-2@4x-822x1024.png 822w, https:\/\/nachleben.net\/wp-content\/uploads\/2021\/04\/Element-2@4x-768x957.png 768w, https:\/\/nachleben.net\/wp-content\/uploads\/2021\/04\/Element-2@4x-1232x1536.png 1232w, https:\/\/nachleben.net\/wp-content\/uploads\/2021\/04\/Element-2@4x.png 1489w\" sizes=\"100vw\" \/>\t\t\t\t\t\t\t\t\t\t\t<\/div>\n\t\t\t\t<\/div>\n\t\t\t\t<\/div>\n\t\t\t\t\t<\/div>\n\t\t<\/div>\n\t\t\t\t\t\t\t<\/div>\n\t\t<\/section>\n\t\t\t\t\t\t<\/div>\n\t\t\t\t\t<\/div>\n\t\t","protected":false},"excerpt":{"rendered":"<p>\u00dcbersicht der Module Im Ergebnis des BIBB-Modellversuchs &#8222;NachLeben&#8220; entstanden\u00a0praxisbezogene, situierte, kurzzyklische sowie modularisierte Lehr-Lernarrangements (Module und Submodule), welche sowohl online auf der Lehr-Lernplattform &#8222;CoSiTo&#8220;, als auch in Form von Modulheften (inkl.\u00a0Beschreibung des Moduls, Kompetenzbereiche, Makroplanung, Arbeitsbl\u00e4tter, Beispiell\u00f6sungen) f\u00fcr jedes Lehr-Lernarrangement zur Verf\u00fcgung stehen. Die Grundstruktur der Lehr-Lernarrangements ist f\u00fcr alle betrachteten Ausbildungsberufe gleich. Die Module &hellip; <\/p>\n<p class=\"link-more\"><a href=\"https:\/\/nachleben.net\/?page_id=16\" class=\"more-link\"><span class=\"screen-reader-text\">\u201eLehr- Lernmaterialien\u201c<\/span> weiterlesen<\/a><\/p>\n","protected":false},"author":3,"featured_media":0,"parent":0,"menu_order":0,"comment_status":"closed","ping_status":"closed","template":"","meta":[],"_links":{"self":[{"href":"https:\/\/nachleben.net\/index.php?rest_route=\/wp\/v2\/pages\/16"}],"collection":[{"href":"https:\/\/nachleben.net\/index.php?rest_route=\/wp\/v2\/pages"}],"about":[{"href":"https:\/\/nachleben.net\/index.php?rest_route=\/wp\/v2\/types\/page"}],"author":[{"embeddable":true,"href":"https:\/\/nachleben.net\/index.php?rest_route=\/wp\/v2\/users\/3"}],"replies":[{"embeddable":true,"href":"https:\/\/nachleben.net\/index.php?rest_route=%2Fwp%2Fv2%2Fcomments&post=16"}],"version-history":[{"count":145,"href":"https:\/\/nachleben.net\/index.php?rest_route=\/wp\/v2\/pages\/16\/revisions"}],"predecessor-version":[{"id":454,"href":"https:\/\/nachleben.net\/index.php?rest_route=\/wp\/v2\/pages\/16\/revisions\/454"}],"wp:attachment":[{"href":"https:\/\/nachleben.net\/index.php?rest_route=%2Fwp%2Fv2%2Fmedia&parent=16"}],"curies":[{"name":"wp","href":"https:\/\/api.w.org\/{rel}","templated":true}]}}